{"id":22572,"date":"2025-04-01T09:49:00","date_gmt":"2025-04-01T08:49:00","guid":{"rendered":"https:\/\/meliasaojoaomadeira.hoti.shareit.pt\/politica-ambiental\/"},"modified":"2025-05-14T11:22:24","modified_gmt":"2025-05-14T10:22:24","slug":"environmental-policy","status":"publish","type":"page","link":"https:\/\/www.meliasaojoao.com\/en\/environmental-policy\/","title":{"rendered":"Environmental Policy"},"content":{"rendered":"\t\t<div data-elementor-type=\"wp-page\" data-elementor-id=\"22572\" class=\"elementor elementor-22572 elementor-22408\" data-elementor-post-type=\"page\">\n\t\t\t\t<section class=\"elementor-element elementor-element-3baa27a e-con-full e-flex e-con e-parent\" data-id=\"3baa27a\" data-element_type=\"container\" data-settings=\"{&quot;background_background&quot;:&quot;classic&quot;}\">\n\t\t<div class=\"elementor-element elementor-element-1c7b661 e-con-full e-flex e-con e-child\" data-id=\"1c7b661\" data-element_type=\"container\">\n\t\t\t\t<div class=\"elementor-element elementor-element-70ae3aa elementor-widget elementor-widget-heading\" data-id=\"70ae3aa\" data-element_type=\"widget\" data-widget_type=\"heading.default\">\n\t\t\t\t<div class=\"elementor-widget-container\">\n\t\t\t\t\t<h1 class=\"elementor-heading-title elementor-size-default\">Environmental <\/h1>\t\t\t\t<\/div>\n\t\t\t\t<\/div>\n\t\t\t\t<div class=\"elementor-element elementor-element-933b2bf elementor-widget elementor-widget-heading\" data-id=\"933b2bf\" data-element_type=\"widget\" data-widget_type=\"heading.default\">\n\t\t\t\t<div class=\"elementor-widget-container\">\n\t\t\t\t\t<h2 class=\"elementor-heading-title elementor-size-default\">Policy<\/h2>\t\t\t\t<\/div>\n\t\t\t\t<\/div>\n\t\t\t\t<\/div>\n\t\t\t\t<\/section>\n\t\t<section class=\"elementor-element elementor-element-e3fee8f e-con-full e-flex e-con e-parent\" data-id=\"e3fee8f\" data-element_type=\"container\">\n\t\t\t\t<div class=\"elementor-element elementor-element-6d064f0 elementor-widget elementor-widget-text-editor\" data-id=\"6d064f0\" data-element_type=\"widget\" data-widget_type=\"text-editor.default\">\n\t\t\t\t<div class=\"elementor-widget-container\">\n\t\t\t\t\t\t\t\t\t<p><strong>Meli\u00e1 S\u00e3o Jo\u00e3o da Madeira<\/strong> is fully aware of the importance of responsible and sustainable management in the development of its hotel business. Inspired by this concept, we have taken on a commitment that we have been solidifying with fundamental guidelines for success. It is with these guidelines that we aim to contribute to good environmental practices in order to minimise the respective impacts in terms of pollution, guaranteeing the preservation of natural resources in order to enhance sustainable tourism. To this end, the Meli\u00e1 S\u00e3o Jo\u00e3o da Madeira establishes this policy in the following terms:<\/p>\t\t\t\t\t\t\t\t<\/div>\n\t\t\t\t<\/div>\n\t\t\t\t<\/section>\n\t\t<section class=\"elementor-element elementor-element-fee5333 e-con-full e-flex e-con e-parent\" data-id=\"fee5333\" data-element_type=\"container\">\n\t\t<div class=\"elementor-element elementor-element-54a52b4 e-con-full e-flex e-con e-child\" data-id=\"54a52b4\" data-element_type=\"container\" data-settings=\"{&quot;background_background&quot;:&quot;classic&quot;}\">\n\t\t\t\t<div class=\"elementor-element elementor-element-b14a943 elementor-widget elementor-widget-spacer\" data-id=\"b14a943\" data-element_type=\"widget\" data-widget_type=\"spacer.default\">\n\t\t\t\t<div class=\"elementor-widget-container\">\n\t\t\t\t\t\t\t<div class=\"elementor-spacer\">\n\t\t\t<div class=\"elementor-spacer-inner\"><\/div>\n\t\t<\/div>\n\t\t\t\t\t\t<\/div>\n\t\t\t\t<\/div>\n\t\t\t\t<\/div>\n\t\t<div class=\"elementor-element elementor-element-f7c55c2 e-con-full e-flex e-con e-child\" data-id=\"f7c55c2\" data-element_type=\"container\">\n\t\t<div class=\"elementor-element elementor-element-43df120 e-con-full e-flex e-con e-child\" data-id=\"43df120\" data-element_type=\"container\">\n\t\t\t\t<div class=\"elementor-element elementor-element-9ef0125 elementor-widget elementor-widget-text-editor\" data-id=\"9ef0125\" data-element_type=\"widget\" data-widget_type=\"text-editor.default\">\n\t\t\t\t<div class=\"elementor-widget-container\">\n\t\t\t\t\t\t\t\t\t<p>Comply with the legal and environmental requirements applicable to its activity, regularly assessing its impacts<\/p><p>Promote environmental awareness-raising and training among employees in order to involve them and train them in good environmental practices<\/p><p>Co-operate and promote communication with governmental and external bodies and associations<\/p>\t\t\t\t\t\t\t\t<\/div>\n\t\t\t\t<\/div>\n\t\t\t\t<\/div>\n\t\t\t\t<\/div>\n\t\t\t\t<\/section>\n\t\t<section class=\"elementor-element elementor-element-dc7c4b4 e-con-full e-flex e-con e-parent\" data-id=\"dc7c4b4\" data-element_type=\"container\">\n\t\t<div class=\"elementor-element elementor-element-8825316 e-con-full e-flex e-con e-child\" data-id=\"8825316\" data-element_type=\"container\">\n\t\t<div class=\"elementor-element elementor-element-0a1ebcb e-con-full e-flex e-con e-child\" data-id=\"0a1ebcb\" data-element_type=\"container\">\n\t\t\t\t<div class=\"elementor-element elementor-element-2764894 elementor-widget__width-initial elementor-widget elementor-widget-text-editor\" data-id=\"2764894\" data-element_type=\"widget\" data-widget_type=\"text-editor.default\">\n\t\t\t\t<div class=\"elementor-widget-container\">\n\t\t\t\t\t\t\t\t\t<p>Encouraging the involvement of suppliers in issues of good environmental practice with a view to improving performance in this area and that of the entire operation involved<\/p><p>Reduce and control energy and raw material consumption<\/p><p>Adopt an attitude of continuous improvement in pollution prevention<\/p><p>Consolidate the conquest of clients who are willing to take advantage of the services offered by the enterprise, with a high level of quality<\/p>\t\t\t\t\t\t\t\t<\/div>\n\t\t\t\t<\/div>\n\t\t\t\t<\/div>\n\t\t\t\t<\/div>\n\t\t<div class=\"elementor-element elementor-element-caa4cbc e-con-full e-flex e-con e-child\" data-id=\"caa4cbc\" data-element_type=\"container\" data-settings=\"{&quot;background_background&quot;:&quot;classic&quot;}\">\n\t\t\t\t<div class=\"elementor-element elementor-element-08b815c elementor-widget elementor-widget-spacer\" data-id=\"08b815c\" data-element_type=\"widget\" data-widget_type=\"spacer.default\">\n\t\t\t\t<div class=\"elementor-widget-container\">\n\t\t\t\t\t\t\t<div class=\"elementor-spacer\">\n\t\t\t<div class=\"elementor-spacer-inner\"><\/div>\n\t\t<\/div>\n\t\t\t\t\t\t<\/div>\n\t\t\t\t<\/div>\n\t\t\t\t<\/div>\n\t\t\t\t<\/section>\n\t\t<section class=\"elementor-element elementor-element-6b92cba e-con-full e-flex e-con e-parent\" data-id=\"6b92cba\" data-element_type=\"container\">\n\t\t\t\t<div class=\"elementor-element elementor-element-47f9253 elementor-widget elementor-widget-text-editor\" data-id=\"47f9253\" data-element_type=\"widget\" data-widget_type=\"text-editor.default\">\n\t\t\t\t<div class=\"elementor-widget-container\">\n\t\t\t\t\t\t\t\t\t<p>Taking these principles into account, as well as providing the necessary and appropriate resources, including a commitment to specialised human resources, with regular training and technologically advanced equipment, Meli\u00e1 S\u00e3o Jo\u00e3o da Madeira always seeks to fully satisfy the needs and expectations of its customers.<\/p>\t\t\t\t\t\t\t\t<\/div>\n\t\t\t\t<\/div>\n\t\t\t\t<\/section>\n\t\t\t\t<\/div>\n\t\t","protected":false},"excerpt":{"rendered":"<p>Environmental Policy Meli\u00e1 S\u00e3o Jo\u00e3o da Madeira is fully aware of the importance of responsible and sustainable management in the development of its hotel business. Inspired by this concept, we have taken on a commitment that we have been solidifying with fundamental guidelines for success. It is with these guidelines that we aim to contribute [&hellip;]<\/p>\n","protected":false},"author":1,"featured_media":0,"parent":0,"menu_order":0,"comment_status":"closed","ping_status":"closed","template":"","meta":{"_acf_changed":false,"footnotes":""},"class_list":["post-22572","page","type-page","status-publish","hentry"],"acf":[],"yoast_head":"<!-- This site is optimized with the Yoast SEO plugin v24.5 - https:\/\/yoast.com\/wordpress\/plugins\/seo\/ -->\n<title>Environmental Policy - Meli\u00e1 S\u00e3o Jo\u00e3o da Madeira<\/title>\n<meta name=\"description\" content=\"Descubra o Meli\u00e1 S\u00e3o Jo\u00e3o da Madeira, um hotel de 4 estrelas no hist\u00f3rico Palacete dos Condes Dias Garcia, com quartos modernos, spa, restaurante e espa\u00e7os para eventos.\" \/>\n<meta name=\"robots\" content=\"index, follow, max-snippet:-1, max-image-preview:large, max-video-preview:-1\" \/>\n<link rel=\"canonical\" href=\"https:\/\/www.meliasaojoao.com\/en\/environmental-policy\/\" \/>\n<meta property=\"og:locale\" content=\"en_US\" \/>\n<meta property=\"og:type\" content=\"article\" \/>\n<meta property=\"og:title\" content=\"Environmental Policy - Meli\u00e1 S\u00e3o Jo\u00e3o da Madeira\" \/>\n<meta property=\"og:description\" content=\"Descubra o Meli\u00e1 S\u00e3o Jo\u00e3o da Madeira, um hotel de 4 estrelas no hist\u00f3rico Palacete dos Condes Dias Garcia, com quartos modernos, spa, restaurante e espa\u00e7os para eventos.\" \/>\n<meta property=\"og:url\" content=\"https:\/\/www.meliasaojoao.com\/en\/environmental-policy\/\" \/>\n<meta property=\"og:site_name\" content=\"Meli\u00e1 S\u00e3o Jo\u00e3o da Madeira\" \/>\n<meta property=\"article:publisher\" content=\"http:\/\/www.facebook.com\/meliasaojoaodamadeira\/\" \/>\n<meta property=\"article:modified_time\" content=\"2025-05-14T10:22:24+00:00\" \/>\n<meta property=\"og:image\" content=\"https:\/\/www.meliasaojoao.com\/wp-content\/uploads\/sites\/33\/2025\/04\/Melia_SaoJoaoDaMadeira_Ope.jpg\" \/>\n\t<meta property=\"og:image:width\" content=\"1200\" \/>\n\t<meta property=\"og:image:height\" content=\"630\" \/>\n\t<meta property=\"og:image:type\" content=\"image\/jpeg\" \/>\n<meta name=\"twitter:card\" content=\"summary_large_image\" \/>\n<meta name=\"twitter:label1\" content=\"Est. reading time\" \/>\n\t<meta name=\"twitter:data1\" content=\"2 minutes\" \/>\n<script type=\"application\/ld+json\" class=\"yoast-schema-graph\">{\"@context\":\"https:\/\/schema.org\",\"@graph\":[{\"@type\":\"WebPage\",\"@id\":\"https:\/\/www.meliasaojoao.com\/en\/environmental-policy\/\",\"url\":\"https:\/\/www.meliasaojoao.com\/en\/environmental-policy\/\",\"name\":\"Environmental Policy - Meli\u00e1 S\u00e3o Jo\u00e3o da Madeira\",\"isPartOf\":{\"@id\":\"https:\/\/www.meliasaojoao.com\/en\/#website\"},\"datePublished\":\"2025-04-01T08:49:00+00:00\",\"dateModified\":\"2025-05-14T10:22:24+00:00\",\"description\":\"Descubra o Meli\u00e1 S\u00e3o Jo\u00e3o da Madeira, um hotel de 4 estrelas no hist\u00f3rico Palacete dos Condes Dias Garcia, com quartos modernos, spa, restaurante e espa\u00e7os para eventos.\",\"breadcrumb\":{\"@id\":\"https:\/\/www.meliasaojoao.com\/en\/environmental-policy\/#breadcrumb\"},\"inLanguage\":\"en-US\",\"potentialAction\":[{\"@type\":\"ReadAction\",\"target\":[\"https:\/\/www.meliasaojoao.com\/en\/environmental-policy\/\"]}]},{\"@type\":\"BreadcrumbList\",\"@id\":\"https:\/\/www.meliasaojoao.com\/en\/environmental-policy\/#breadcrumb\",\"itemListElement\":[{\"@type\":\"ListItem\",\"position\":1,\"name\":\"In\u00edcio\",\"item\":\"https:\/\/www.meliasaojoao.com\/en\/\"},{\"@type\":\"ListItem\",\"position\":2,\"name\":\"Environmental Policy\"}]},{\"@type\":\"WebSite\",\"@id\":\"https:\/\/www.meliasaojoao.com\/en\/#website\",\"url\":\"https:\/\/www.meliasaojoao.com\/en\/\",\"name\":\"Meli\u00e1 S\u00e3o Jo\u00e3o da Madeira\",\"description\":\"Hotel de 4 Estrelas | S\u00e3o Jo\u00e3o da Madeira\",\"publisher\":{\"@id\":\"https:\/\/www.meliasaojoao.com\/en\/#organization\"},\"alternateName\":\"Meli\u00e1 S\u00e3o Jo\u00e3o da Madeira\",\"potentialAction\":[{\"@type\":\"SearchAction\",\"target\":{\"@type\":\"EntryPoint\",\"urlTemplate\":\"https:\/\/www.meliasaojoao.com\/en\/?s={search_term_string}\"},\"query-input\":{\"@type\":\"PropertyValueSpecification\",\"valueRequired\":true,\"valueName\":\"search_term_string\"}}],\"inLanguage\":\"en-US\"},{\"@type\":\"Organization\",\"@id\":\"https:\/\/www.meliasaojoao.com\/en\/#organization\",\"name\":\"Meli\u00e1 S\u00e3o Jo\u00e3o da Madeira\",\"alternateName\":\"Meli\u00e1 S\u00e3o Jo\u00e3o da Madeira\",\"url\":\"https:\/\/www.meliasaojoao.com\/en\/\",\"logo\":{\"@type\":\"ImageObject\",\"inLanguage\":\"en-US\",\"@id\":\"https:\/\/www.meliasaojoao.com\/en\/#\/schema\/logo\/image\/\",\"url\":\"https:\/\/www.meliasaojoao.com\/wp-content\/uploads\/sites\/33\/2023\/11\/Original_MSJM.png\",\"contentUrl\":\"https:\/\/www.meliasaojoao.com\/wp-content\/uploads\/sites\/33\/2023\/11\/Original_MSJM.png\",\"width\":2560,\"height\":1532,\"caption\":\"Meli\u00e1 S\u00e3o Jo\u00e3o da Madeira\"},\"image\":{\"@id\":\"https:\/\/www.meliasaojoao.com\/en\/#\/schema\/logo\/image\/\"},\"sameAs\":[\"http:\/\/www.facebook.com\/meliasaojoaodamadeira\/\",\"https:\/\/www.linkedin.com\/company\/hoti-hoteis\/\",\"http:\/\/www.instagram.com\/meliasaojoaodamadeira\/\",\"https:\/\/www.youtube.com\/channel\/UCP0ugsnZVvziVrrstHe2gqg\"]}]}<\/script>\n<!-- \/ Yoast SEO plugin. -->","yoast_head_json":{"title":"Environmental Policy - Meli\u00e1 S\u00e3o Jo\u00e3o da Madeira","description":"Descubra o Meli\u00e1 S\u00e3o Jo\u00e3o da Madeira, um hotel de 4 estrelas no hist\u00f3rico Palacete dos Condes Dias Garcia, com quartos modernos, spa, restaurante e espa\u00e7os para eventos.","robots":{"index":"index","follow":"follow","max-snippet":"max-snippet:-1","max-image-preview":"max-image-preview:large","max-video-preview":"max-video-preview:-1"},"canonical":"https:\/\/www.meliasaojoao.com\/en\/environmental-policy\/","og_locale":"en_US","og_type":"article","og_title":"Environmental Policy - Meli\u00e1 S\u00e3o Jo\u00e3o da Madeira","og_description":"Descubra o Meli\u00e1 S\u00e3o Jo\u00e3o da Madeira, um hotel de 4 estrelas no hist\u00f3rico Palacete dos Condes Dias Garcia, com quartos modernos, spa, restaurante e espa\u00e7os para eventos.","og_url":"https:\/\/www.meliasaojoao.com\/en\/environmental-policy\/","og_site_name":"Meli\u00e1 S\u00e3o Jo\u00e3o da Madeira","article_publisher":"http:\/\/www.facebook.com\/meliasaojoaodamadeira\/","article_modified_time":"2025-05-14T10:22:24+00:00","og_image":[{"width":1200,"height":630,"url":"https:\/\/www.meliasaojoao.com\/wp-content\/uploads\/sites\/33\/2025\/04\/Melia_SaoJoaoDaMadeira_Ope.jpg","type":"image\/jpeg"}],"twitter_card":"summary_large_image","twitter_misc":{"Est. reading time":"2 minutes"},"schema":{"@context":"https:\/\/schema.org","@graph":[{"@type":"WebPage","@id":"https:\/\/www.meliasaojoao.com\/en\/environmental-policy\/","url":"https:\/\/www.meliasaojoao.com\/en\/environmental-policy\/","name":"Environmental Policy - Meli\u00e1 S\u00e3o Jo\u00e3o da Madeira","isPartOf":{"@id":"https:\/\/www.meliasaojoao.com\/en\/#website"},"datePublished":"2025-04-01T08:49:00+00:00","dateModified":"2025-05-14T10:22:24+00:00","description":"Descubra o Meli\u00e1 S\u00e3o Jo\u00e3o da Madeira, um hotel de 4 estrelas no hist\u00f3rico Palacete dos Condes Dias Garcia, com quartos modernos, spa, restaurante e espa\u00e7os para eventos.","breadcrumb":{"@id":"https:\/\/www.meliasaojoao.com\/en\/environmental-policy\/#breadcrumb"},"inLanguage":"en-US","potentialAction":[{"@type":"ReadAction","target":["https:\/\/www.meliasaojoao.com\/en\/environmental-policy\/"]}]},{"@type":"BreadcrumbList","@id":"https:\/\/www.meliasaojoao.com\/en\/environmental-policy\/#breadcrumb","itemListElement":[{"@type":"ListItem","position":1,"name":"In\u00edcio","item":"https:\/\/www.meliasaojoao.com\/en\/"},{"@type":"ListItem","position":2,"name":"Environmental Policy"}]},{"@type":"WebSite","@id":"https:\/\/www.meliasaojoao.com\/en\/#website","url":"https:\/\/www.meliasaojoao.com\/en\/","name":"Meli\u00e1 S\u00e3o Jo\u00e3o da Madeira","description":"Hotel de 4 Estrelas | S\u00e3o Jo\u00e3o da Madeira","publisher":{"@id":"https:\/\/www.meliasaojoao.com\/en\/#organization"},"alternateName":"Meli\u00e1 S\u00e3o Jo\u00e3o da Madeira","potentialAction":[{"@type":"SearchAction","target":{"@type":"EntryPoint","urlTemplate":"https:\/\/www.meliasaojoao.com\/en\/?s={search_term_string}"},"query-input":{"@type":"PropertyValueSpecification","valueRequired":true,"valueName":"search_term_string"}}],"inLanguage":"en-US"},{"@type":"Organization","@id":"https:\/\/www.meliasaojoao.com\/en\/#organization","name":"Meli\u00e1 S\u00e3o Jo\u00e3o da Madeira","alternateName":"Meli\u00e1 S\u00e3o Jo\u00e3o da Madeira","url":"https:\/\/www.meliasaojoao.com\/en\/","logo":{"@type":"ImageObject","inLanguage":"en-US","@id":"https:\/\/www.meliasaojoao.com\/en\/#\/schema\/logo\/image\/","url":"https:\/\/www.meliasaojoao.com\/wp-content\/uploads\/sites\/33\/2023\/11\/Original_MSJM.png","contentUrl":"https:\/\/www.meliasaojoao.com\/wp-content\/uploads\/sites\/33\/2023\/11\/Original_MSJM.png","width":2560,"height":1532,"caption":"Meli\u00e1 S\u00e3o Jo\u00e3o da Madeira"},"image":{"@id":"https:\/\/www.meliasaojoao.com\/en\/#\/schema\/logo\/image\/"},"sameAs":["http:\/\/www.facebook.com\/meliasaojoaodamadeira\/","https:\/\/www.linkedin.com\/company\/hoti-hoteis\/","http:\/\/www.instagram.com\/meliasaojoaodamadeira\/","https:\/\/www.youtube.com\/channel\/UCP0ugsnZVvziVrrstHe2gqg"]}]}},"_links":{"self":[{"href":"https:\/\/www.meliasaojoao.com\/en\/wp-json\/wp\/v2\/pages\/22572","targetHints":{"allow":["GET"]}}],"collection":[{"href":"https:\/\/www.meliasaojoao.com\/en\/wp-json\/wp\/v2\/pages"}],"about":[{"href":"https:\/\/www.meliasaojoao.com\/en\/wp-json\/wp\/v2\/types\/page"}],"author":[{"embeddable":true,"href":"https:\/\/www.meliasaojoao.com\/en\/wp-json\/wp\/v2\/users\/1"}],"replies":[{"embeddable":true,"href":"https:\/\/www.meliasaojoao.com\/en\/wp-json\/wp\/v2\/comments?post=22572"}],"version-history":[{"count":7,"href":"https:\/\/www.meliasaojoao.com\/en\/wp-json\/wp\/v2\/pages\/22572\/revisions"}],"predecessor-version":[{"id":24191,"href":"https:\/\/www.meliasaojoao.com\/en\/wp-json\/wp\/v2\/pages\/22572\/revisions\/24191"}],"wp:attachment":[{"href":"https:\/\/www.meliasaojoao.com\/en\/wp-json\/wp\/v2\/media?parent=22572"}],"curies":[{"name":"wp","href":"https:\/\/api.w.org\/{rel}","templated":true}]}}